{"id":69566,"date":"2020-06-22T14:15:13","date_gmt":"2020-06-22T14:15:13","guid":{"rendered":"http:\/\/petra-urmann.de\/?page_id=69566"},"modified":"2020-06-22T15:06:23","modified_gmt":"2020-06-22T15:06:23","slug":"69566-2","status":"publish","type":"page","link":"https:\/\/petra-urmann.eu\/?page_id=69566","title":{"rendered":"Wordschulungen"},"content":{"rendered":"<p>[et_pb_section fb_built=&#8220;1&#8243; _builder_version=&#8220;4.4.7&#8243; custom_padding=&#8220;16px|||||&#8220;][et_pb_row _builder_version=&#8220;4.4.7&#8243;][et_pb_column type=&#8220;4_4&#8243; _builder_version=&#8220;4.4.7&#8243;][et_pb_text _builder_version=&#8220;4.4.7&#8243;]<\/p>\n<h1>Unsere Microsoft Word Schulungen und Workshops<\/h1>\n<p>Unsere Seminare f\u00fchren wir gerne bei Ihnen auch als Inhouse Schulung durch. Firmenschulungen k\u00f6nnen jederzeit inhaltlich auf Ihre Vorstellungen und Bed\u00fcrfnisse zugeschnitten und angepasst werden.\u00a0<\/p>\n<p>In unseren Word Kursen und Workshops vermitteln wir Ihnen Kenntnisse, welche Ihnen ein noch effizienteres und schnelleres Arbeiten mit Word erm\u00f6glichen. Sie profitieren mit Sicherheit von unseren Tipps und Tricks und k\u00f6nnen anschlie\u00dfend Ihre t\u00e4gliche Arbeit effektiver und schneller erledigen.<\/p>\n<p>Au\u00dferdem gehen wir in unseren Kursen immer auf gestellte Fragen ein .Nach Vorbesprechung ist es zudem m\u00f6glich, auf Ihre speziellen Dateien und Problemstellungen im Kurs einzugehen und so bereits fertige L\u00f6sungen zu entwickeln.<\/p>\n<p>Sie werden begeistert sein, was mit Word alles m\u00f6glich ist.<\/p>\n<p>&nbsp;<\/p>\n<p>[\/et_pb_text][et_pb_accordion _builder_version=&#8220;4.4.7&#8243;][et_pb_accordion_item title=&#8220;Word f\u00fcr Einsteiger&#8220; open=&#8220;on&#8220; _builder_version=&#8220;4.4.7&#8243;]<\/p>\n<h4>\u00a0Schneller Einstieg und sichere Anwendung<\/h4>\n<p style=\"text-align: justify;\">In unserem Microsoft Word Grundlagenseminar lernen Sie die grundlegenden Techniken f\u00fcr die Arbeit mit dem Textprogramm Word. Texte ansprechend gestalten und gliedern, Formatierungen nach eigenen W\u00fcnschen und Vorstellungen vornehmen und Rechtschreibung kontrollieren &#8211; das alles lernen Sie einfach und praxisorientiert. Au\u00dferdem erfahren Sie, wie hilfreich die Autokorrektur und das AutoFormat sind. Zuletzt passen Sie die Druckausgabe Ihrer Dokumente an und f\u00fcgen nach Wunsch Bilder und Grafiken in Ihre Dokumente ein. Und zus\u00e4tzlich\u00a0<span style=\"font-size: 14px;\">erhalten Sie hilfreiche Experten-Tipps, die Sie bei Ihrer t\u00e4glichen Arbeit unterst\u00fctzen und schnell zum Ziel f\u00fchren.<\/span><\/p>\n<p style=\"text-align: justify;\">Voraussetzungen: einfache PC-Kenntnisse, sicherer Umgang mit Maus und Tastatur<span style=\"font-size: 14px;\"><\/span><\/p>\n<p style=\"text-align: justify;\"><span style=\"font-size: 14px;\"><\/span><\/p>\n<p>[\/et_pb_accordion_item][et_pb_accordion_item title=&#8220;Word f\u00fcr fortgeschrittene Anwender&#8220; _builder_version=&#8220;4.4.7&#8243; open=&#8220;off&#8220;]<\/p>\n<p>Dieser Microsoft Word Kurs richtet sich an alle Word-Anwender, mit grundlegenden Kenntnissen, die jedoch noch mehr aus Word herausholen wollen. Sie lernen Word noch effizienter und zeitsparender einzusetzen, indem Sie Formatvorlagen nutzen und eigene erstellen.<\/p>\n<p>Entdecken Sie Dokumentvorlagen, Designs und Formatvorlagen\u2011Sets, passen Sie gro\u00dfe Dokumente mit wenigen Klicks Ihren Vorstellungen an und erzeugen im Handumdrehen automatische Inhaltsverzeichnisse.<\/p>\n<p>Sch\u00f6pfen Sie k\u00fcnftig alle M\u00f6glichkeiten aus: Tabellen, Spaltensatz, verschieden Seitenlayouts und wiederkehrende Textpassagen als Schnellbausteine. Unterteilen Sie Ihr Dokument in mehrere Abschnitte \u2013 auch Hoch- und Querformat innerhalb eines Dokumentes.<\/p>\n<p>Erhalten Sie wertvolle Tipps und erfahren Sie, wie Sie Gesch\u00e4ftsdokumente nach der DIN 5008 gestalten.<\/p>\n<p>Voraussetzung: Ge\u00fcbter Umgang mit Microsoft Word<\/p>\n<p>[\/et_pb_accordion_item][et_pb_accordion_item title=&#8220;Word Workshop: Serienbriefe und Serienmails&#8220; _builder_version=&#8220;4.4.7&#8243; open=&#8220;off&#8220;]<\/p>\n<h4>Schnelle Personalisierte Rundbriefe und Mails erstellen<\/h4>\n<p>Mit Hilfe der Seriendruck-Funktion sparen Sie Zeit und Arbeit, denn Sie k\u00f6nnen nicht nur einen Brief einem gro\u00dfen Empf\u00e4ngerkreis zukommen lassen, sondern auch E-Mails als verschicken. Umschl\u00e4ge lassen sich ebenso direkt oder \u00fcber die Etikettenfunktion mit verschiedenen Adressen bedrucken. Dabei lernen Sie zahlreiche Selektions- und Sortierm\u00f6glichkeiten kennen. Nat\u00fcrlich k\u00f6nnen Sie auch Adressdaten aus anderen Programmen wie Excel, Access oder Outlook verwenden, oder Ihre Datenquelle selbst anlegen. In diesem Workshop mit vielen praktischen \u00dcbungen lernen Sie noch weitere Einsatzm\u00f6glichkeiten f\u00fcr die Seriendruckfunktion kennen.<\/p>\n<p>Voraussetzung: Grundkenntnisse im Umgang mit Microsoft Word<\/p>\n<p>[\/et_pb_accordion_item][\/et_pb_accordion][\/et_pb_column][\/et_pb_row][et_pb_row _builder_version=&#8220;4.4.7&#8243;][et_pb_column type=&#8220;4_4&#8243; _builder_version=&#8220;4.4.7&#8243;][et_pb_text _builder_version=&#8220;4.4.7&#8243; link_option_url=&#8220;https:\/\/petra-urmann.de\/?page_id=69359&#8243; hover_enabled=&#8220;0&#8243;]<\/p>\n<p>Die Kursdauer und somit der Preis orientiert sich an den Vorkenntnissen und Anzahl der Teilnehmer. Die Kursinhalte k\u00f6nnen beliebig ausgew\u00e4hlt und kombiniert werden.<\/p>\n<p>Wir erstellen Ihnen gerne ein indivuelles Angebot.\u00a0Nehmen Sie Kontakt mit uns auf. Wir freuen uns auf Ihre Anfrage!<\/p>\n<p>[\/et_pb_text][\/et_pb_column][\/et_pb_row][\/et_pb_section]<\/p>\n","protected":false},"excerpt":{"rendered":"<p>[et_pb_section fb_built=&#8220;1&#8243; _builder_version=&#8220;4.4.7&#8243; custom_padding=&#8220;16px|||||&#8220;][et_pb_row _builder_version=&#8220;4.4.7&#8243;][et_pb_column type=&#8220;4_4&#8243; _builder_version=&#8220;4.4.7&#8243;][et_pb_text _builder_version=&#8220;4.4.7&#8243;] Unsere Microsoft Word Schulungen und Workshops Unsere Seminare f\u00fchren wir gerne bei Ihnen auch als Inhouse Schulung durch. Firmenschulungen k\u00f6nnen jederzeit inhaltlich auf Ihre Vorstellungen und Bed\u00fcrfnisse zugeschnitten und angepasst werden.\u00a0 In unseren Word Kursen und Workshops vermitteln wir Ihnen Kenntnisse, welche Ihnen ein noch effizienteres und [&hellip;]<\/p>\n","protected":false},"author":1,"featured_media":0,"parent":0,"menu_order":0,"comment_status":"closed","ping_status":"closed","template":"","meta":{"_et_pb_use_builder":"on","_et_pb_old_content":"","_et_gb_content_width":"","footnotes":""},"_links":{"self":[{"href":"https:\/\/petra-urmann.eu\/index.php?rest_route=\/wp\/v2\/pages\/69566"}],"collection":[{"href":"https:\/\/petra-urmann.eu\/index.php?rest_route=\/wp\/v2\/pages"}],"about":[{"href":"https:\/\/petra-urmann.eu\/index.php?rest_route=\/wp\/v2\/types\/page"}],"author":[{"embeddable":true,"href":"https:\/\/petra-urmann.eu\/index.php?rest_route=\/wp\/v2\/users\/1"}],"replies":[{"embeddable":true,"href":"https:\/\/petra-urmann.eu\/index.php?rest_route=%2Fwp%2Fv2%2Fcomments&post=69566"}],"version-history":[{"count":5,"href":"https:\/\/petra-urmann.eu\/index.php?rest_route=\/wp\/v2\/pages\/69566\/revisions"}],"predecessor-version":[{"id":69598,"href":"https:\/\/petra-urmann.eu\/index.php?rest_route=\/wp\/v2\/pages\/69566\/revisions\/69598"}],"wp:attachment":[{"href":"https:\/\/petra-urmann.eu\/index.php?rest_route=%2Fwp%2Fv2%2Fmedia&parent=69566"}],"curies":[{"name":"wp","href":"https:\/\/api.w.org\/{rel}","templated":true}]}}