{"id":69550,"date":"2020-06-22T13:10:51","date_gmt":"2020-06-22T13:10:51","guid":{"rendered":"http:\/\/petra-urmann.de\/?page_id=69550"},"modified":"2020-06-22T15:04:37","modified_gmt":"2020-06-22T15:04:37","slug":"69550-2","status":"publish","type":"page","link":"https:\/\/petra-urmann.eu\/?page_id=69550","title":{"rendered":"ExcelSchulungen"},"content":{"rendered":"<p>[et_pb_section fb_built=&#8220;1&#8243; _builder_version=&#8220;4.4.7&#8243; custom_padding=&#8220;16px|||||&#8220;][et_pb_row _builder_version=&#8220;4.4.7&#8243;][et_pb_column type=&#8220;4_4&#8243; _builder_version=&#8220;4.4.7&#8243;][et_pb_text _builder_version=&#8220;4.4.7&#8243;]<\/p>\n<h1>Unsere Microsoft Excel Schulungen<\/h1>\n<p>Unsere Excel Seminare f\u00fchren wir gerne bei Ihnen auch als Inhouse Schulung durch. Firmenschulungen k\u00f6nnen jederzeit inhaltlich auf Ihre Vorstellungen und Bed\u00fcrfnisse zugeschnitten und angepasst werden.<\/p>\n<p>Ebenso k\u00f6nnen alle Themen auch als Online-Schulung gebucht werden. Fragen Sie uns!<\/p>\n<p>[\/et_pb_text][et_pb_accordion _builder_version=&#8220;4.4.7&#8243;][et_pb_accordion_item title=&#8220;Excel f\u00fcr Einsteiger&#8220; open=&#8220;on&#8220; _builder_version=&#8220;4.4.7&#8243;]<\/p>\n<h4>Schneller Einstieg und sichere Anwendung<\/h4>\n<p>Lernen Sie in diesem Excel Kurs f\u00fcr Anf\u00e4nger von Grund auf die Bedienung von Excel. In diesem Excel Grundkurs erstellen Sie Tabellenbl\u00e4tter, f\u00fchren Sie einfache Berechnungen durch, kopieren oder verschieben Zellen und lernen einfache Funktionen kennen. Sie erfahren, wie Sie die Tabellen schnell formatieren, ausdrucken und weiterleiten k\u00f6nnen. Sie gestalten Ihre Tabellen schnell mit Rahmen und Hintergr\u00fcnden und lernen, wie man einfach Grafiken und Bilder einf\u00fcgt und bearbeitet. Sie erhalten hilfreiche Experten-Tipps, die Sie bei Ihrer t\u00e4glichen Arbeit unterst\u00fctzen und schnell zum Ziel f\u00fchren.<\/p>\n<p>Das sind die Inhalte unseres Einsteigerkurses:<\/p>\n<ul>\n<li>Das Excel Arbeitsfenster<\/li>\n<li>Dateien neu anlegen, speichern und \u00f6ffnen<\/li>\n<li>Schnelle Eingabem\u00f6glichkeiten<\/li>\n<li>Bewegen im Tabellenblatt<\/li>\n<li>Zahlen und deren Formate<\/li>\n<li>Kopieren und verschieben<\/li>\n<li>Automatische Spaltenbreite<\/li>\n<li>Tabellenbl\u00e4tter kopieren, umbenennen, ausblenden und erzeugen<\/li>\n<li>Fenster anordnen, fixieren oder teilen<\/li>\n<li>Mit Zahlen in Zellen rechnen<\/li>\n<li>Einfache Funktionen wie SUMME(), ANZAHL(), MITTELWERT(), MIN(), MAX(), RUNDEN()<\/li>\n<li>Druckeinstellungen und Seitenansicht<\/li>\n<li>Rahmen und Hintergrundfarbe<\/li>\n<li>Zellen verbinden<\/li>\n<\/ul>\n<p>Hilfreiche Tastenkombinationen<\/p>\n<p>[\/et_pb_accordion_item][et_pb_accordion_item title=&#8220;Excel f\u00fcr Anwender&#8220; _builder_version=&#8220;4.4.7&#8243; open=&#8220;off&#8220;]<\/p>\n<h4>Schnell und sicher zum Erfolg<\/h4>\n<p>Sie arbeiten bereits mit Excel, haben aber Ihre Tabellen von Kollegen &#8222;geerbt&#8220; und k\u00e4mpfen jetzt mit vorhandenen Tabellen deren Formeln, Sortierfunktion und Grafiken? Sie m\u00f6chten Excel jetzt richtig kennenlernen? Wie Sie schneller und rationeller Ihre Arbeitsmappen bearbeiten und dadurch Arbeitszeit sparen und Nerven schonen, erarbeiten Sie mit diesen Kursinhalten:<\/p>\n<ul>\n<li>Besonderheiten bei Text- und Zahleneingabe<\/li>\n<li>Erstellen neuer Tabellen<\/li>\n<li>Anpassen vorhandener Arbeitsmappen<\/li>\n<li>Formeln und Funktionen verwenden<\/li>\n<li>Formeln kopieren<\/li>\n<li>Tabellengestaltung, Fensterfixierung, Wiederholungszeilen<\/li>\n<li>einfache Diagramme<\/li>\n<li>Sortieren und Filtern<\/li>\n<li>Teilergebnisse, Gruppierungen<\/li>\n<li>Speichern, Wiederfinden von Arbeitsmappen<\/li>\n<\/ul>\n<p>Voraussetzung: Grundkenntnisse im Umgang mit Excel<\/p>\n<p>[\/et_pb_accordion_item][et_pb_accordion_item title=&#8220;Excel Workshop: Formeln und Funktionen&#8220; _builder_version=&#8220;4.4.7&#8243; open=&#8220;off&#8220;]<\/p>\n<h4>Gewusst wie &#8211; Formeln und Funktionen clever nutzen<\/h4>\n<p>Lernen Sie eine Vielzahl n\u00fctzlicher Einsatzm\u00f6glichkeiten der wichtigsten Excel-Funktionen anhand anschaulicher Praxisbeispiele kennen.<\/p>\n<p>Kursinhalte:<\/p>\n<ul>\n<li>Wiederholung einfacher Formeln\/Funktionen, relative\/absolute Bez\u00fcge<\/li>\n<li>Formel\u00fcberpr\u00fcfung und -korrektur<\/li>\n<li>Funktionen Summe, Mittelwert, Min, Max, Anzahl, Anzahl2<\/li>\n<li>Funktionen Wenn und Sverweis<\/li>\n<li>Funktionen SummeWenn und Z\u00e4hlenWenn<\/li>\n<li>Verschachtelung von Funktionen<\/li>\n<li>Rechnen mit Namen, Datum und Uhrzeit<\/li>\n<\/ul>\n<p>Voraussetzung: Grundkenntnisse im Umgang mit Excel<\/p>\n<p>[\/et_pb_accordion_item][et_pb_accordion_item title=&#8220;Excel f\u00fcr Fortgeschrittene&#8220; _builder_version=&#8220;4.4.7&#8243; open=&#8220;off&#8220;]<\/p>\n<p>Im MS Excel Kurs f\u00fcr fortgeschrittene Anwender bauen Sie Ihre Erfahrungen und Kenntnisse weiter aus. Entdecken Sie neue Funktionen zur besseren Auswertung und Berechnung von Daten. Werden Sie noch schneller und effektiver im Umgang mit Excel. Erstellen Sie Pivot-Tabellen, aufw\u00e4ndige Diagramme und ansprechende Formulare zur Eingabe und Weiterbearbeitung. Erhalten Sie viele Tipps f\u00fcr den t\u00e4glichen Einsatz von MS-Excel.<\/p>\n<p>Voraussetzung: Gute Grundkenntnisse im Umgang mit Excel<\/p>\n<p>Kursinhalte:<\/p>\n<ul>\n<li>Rechnen mit Namen<\/li>\n<li>Zeiten schnell eingeben und berechnen<\/li>\n<li>Funktionen wie SVERWEIS(), Verweis(), INDEX(), WENNFEHLER(), SUMMENPRODUKT(), Summewenns(), Wenns()<\/li>\n<li>Pivot-Tabellen und Pivot-Charts<\/li>\n<li>Datenschnitt<\/li>\n<li>Daten\u00fcberpr\u00fcfung<\/li>\n<li>Formulare und Dateivorlagen<\/li>\n<li>wertvolle Profi-Tipps<\/li>\n<\/ul>\n<p>[\/et_pb_accordion_item][\/et_pb_accordion][\/et_pb_column][\/et_pb_row][et_pb_row _builder_version=&#8220;4.4.7&#8243;][et_pb_column type=&#8220;4_4&#8243; _builder_version=&#8220;4.4.7&#8243;][et_pb_text _builder_version=&#8220;4.4.7&#8243; link_option_url=&#8220;https:\/\/petra-urmann.de\/?page_id=69359&#8243; hover_enabled=&#8220;0&#8243;]<\/p>\n<p>Die Kursdauer und somit der Preis orientiert sich an den Vorkenntnissen und Anzahl der Teilnehmer. Die Kursinhalte k\u00f6nnen beliebig ausgew\u00e4hlt und kombiniert werden.<\/p>\n<p>Wir erstellen Ihnen gerne ein individuelles Angebot.\u00a0Nehmen Sie Kontakt mit uns auf. Wir freuen uns auf Ihre Anfrage!<\/p>\n<p>[\/et_pb_text][\/et_pb_column][\/et_pb_row][\/et_pb_section]<\/p>\n","protected":false},"excerpt":{"rendered":"<p>[et_pb_section fb_built=&#8220;1&#8243; _builder_version=&#8220;4.4.7&#8243; custom_padding=&#8220;16px|||||&#8220;][et_pb_row _builder_version=&#8220;4.4.7&#8243;][et_pb_column type=&#8220;4_4&#8243; _builder_version=&#8220;4.4.7&#8243;][et_pb_text _builder_version=&#8220;4.4.7&#8243;] Unsere Microsoft Excel Schulungen Unsere Excel Seminare f\u00fchren wir gerne bei Ihnen auch als Inhouse Schulung durch. Firmenschulungen k\u00f6nnen jederzeit inhaltlich auf Ihre Vorstellungen und Bed\u00fcrfnisse zugeschnitten und angepasst werden. Ebenso k\u00f6nnen alle Themen auch als Online-Schulung gebucht werden. Fragen Sie uns! [\/et_pb_text][et_pb_accordion _builder_version=&#8220;4.4.7&#8243;][et_pb_accordion_item title=&#8220;Excel f\u00fcr Einsteiger&#8220; [&hellip;]<\/p>\n","protected":false},"author":1,"featured_media":0,"parent":0,"menu_order":0,"comment_status":"closed","ping_status":"closed","template":"","meta":{"_et_pb_use_builder":"on","_et_pb_old_content":"","_et_gb_content_width":"","footnotes":""},"_links":{"self":[{"href":"https:\/\/petra-urmann.eu\/index.php?rest_route=\/wp\/v2\/pages\/69550"}],"collection":[{"href":"https:\/\/petra-urmann.eu\/index.php?rest_route=\/wp\/v2\/pages"}],"about":[{"href":"https:\/\/petra-urmann.eu\/index.php?rest_route=\/wp\/v2\/types\/page"}],"author":[{"embeddable":true,"href":"https:\/\/petra-urmann.eu\/index.php?rest_route=\/wp\/v2\/users\/1"}],"replies":[{"embeddable":true,"href":"https:\/\/petra-urmann.eu\/index.php?rest_route=%2Fwp%2Fv2%2Fcomments&post=69550"}],"version-history":[{"count":7,"href":"https:\/\/petra-urmann.eu\/index.php?rest_route=\/wp\/v2\/pages\/69550\/revisions"}],"predecessor-version":[{"id":69597,"href":"https:\/\/petra-urmann.eu\/index.php?rest_route=\/wp\/v2\/pages\/69550\/revisions\/69597"}],"wp:attachment":[{"href":"https:\/\/petra-urmann.eu\/index.php?rest_route=%2Fwp%2Fv2%2Fmedia&parent=69550"}],"curies":[{"name":"wp","href":"https:\/\/api.w.org\/{rel}","templated":true}]}}