{"id":69414,"date":"2020-06-18T08:06:38","date_gmt":"2020-06-18T08:06:38","guid":{"rendered":"http:\/\/petra-urmann.de\/?page_id=69414"},"modified":"2020-06-22T15:32:42","modified_gmt":"2020-06-22T15:32:42","slug":"microsoft-office-schulungen-2","status":"publish","type":"page","link":"https:\/\/petra-urmann.eu\/?page_id=69414","title":{"rendered":"Microsoft Office Schulungen"},"content":{"rendered":"<p>[et_pb_section fb_built=&#8220;1&#8243; _builder_version=&#8220;4.4.7&#8243; custom_padding=&#8220;118px||3px|||&#8220;][et_pb_row admin_label=&#8220;row&#8220; _builder_version=&#8220;4.4.7&#8243; background_size=&#8220;initial&#8220; background_position=&#8220;top_left&#8220; background_repeat=&#8220;repeat&#8220; min_height=&#8220;199px&#8220; custom_margin=&#8220;|auto|-64px|auto||&#8220; custom_padding=&#8220;0px|||||&#8220;][et_pb_column type=&#8220;4_4&#8243; _builder_version=&#8220;3.25&#8243; custom_padding=&#8220;|||&#8220; custom_padding__hover=&#8220;|||&#8220;][et_pb_text admin_label=&#8220;Text&#8220; _builder_version=&#8220;4.4.7&#8243; text_font=&#8220;||||||||&#8220; text_text_color=&#8220;#030d59&#8243; text_font_size=&#8220;23px&#8220; text_line_height=&#8220;1em&#8220; header_3_font_size=&#8220;21px&#8220; background_size=&#8220;initial&#8220; background_position=&#8220;top_left&#8220; background_repeat=&#8220;repeat&#8220; min_height=&#8220;98px&#8220; custom_margin=&#8220;-119px||-11px||false|false&#8220; custom_padding=&#8220;22px|11px|0px|||&#8220; text_font_size_tablet=&#8220;&#8220; text_font_size_phone=&#8220;&#8220; text_font_size_last_edited=&#8220;on|phone&#8220; text_letter_spacing_tablet=&#8220;&#8220; text_letter_spacing_phone=&#8220;&#8220; text_letter_spacing_last_edited=&#8220;on|phone&#8220; header_font_size_tablet=&#8220;&#8220; header_font_size_phone=&#8220;27px&#8220; header_font_size_last_edited=&#8220;on|phone&#8220;]<\/p>\n<h1><!-- divi:heading -->Microsoft Office Schulungen &#8211;<\/h1>\n<h2>Inhouse, in unserem Schulungsraum oder Online<\/h2>\n<h2><span style=\"font-size: small;\"><strong>Schulungen zu Microsoft Word, Excel, PowerPoint, Outlook,\u00a0Access und mehr<\/strong><\/span><\/h2>\n<p><!-- \/divi:paragraph -->[\/et_pb_text][\/et_pb_column][\/et_pb_row][\/et_pb_section][et_pb_section fb_built=&#8220;1&#8243; _builder_version=&#8220;4.4.7&#8243; min_height=&#8220;329px&#8220; custom_margin=&#8220;-106px|||||&#8220; custom_padding=&#8220;239px||27px|||&#8220;][et_pb_row column_structure=&#8220;2_3,1_3&#8243; _builder_version=&#8220;4.4.7&#8243; custom_margin=&#8220;-137px|auto|-35px|auto||&#8220;][et_pb_column type=&#8220;2_3&#8243; _builder_version=&#8220;4.4.7&#8243;][et_pb_text _builder_version=&#8220;4.4.7&#8243; text_text_color=&#8220;#000000&#8243; text_font_size=&#8220;17px&#8220; text_orientation=&#8220;justified&#8220; width=&#8220;99.8%&#8220; custom_margin=&#8220;-109px||-56px|||&#8220; custom_padding=&#8220;0px||0px|||&#8220;]<\/p>\n<p><span><\/span><\/p>\n<p><span>Arbeiten Sie auch Tag f\u00fcr Tag mit den Microsoft Office Programmen? Und haben Sie auch immer wieder das Gef\u00fchl, Sie k\u00f6nnten Ihre Arbeit effektiver und schneller erledigen? Oder st\u00f6ren Sie immer wiederkehrende Meldungen und Aufgaben?<\/span><span>\u00a0<\/span>Laut Statistik arbeitet mittlerweile jeder Mitarbeiter in einem B\u00fcro 72 % des Tages mit den Microsoft Office Programmen. Die meisten modernen Arbeitspl\u00e4tze sind standardm\u00e4\u00dfig mit Word, Excel, Outlook und Co. ausgestattet.<\/p>\n<p>Viele Anwender erlernen die Programme im Eigenstudium. Um jedoch die geballte Funktionalit\u00e4t der Programm aussch\u00f6pfen zu k\u00f6nnen, werden umfangreichere Kenntnisse ben\u00f6tigt, um diese im Arbeitsalltag schnell und effektiv einzusetzen.<\/p>\n<p>Mit unseren praxisorientierten und professionellen Schulungen werden Ihnen Kenntnisse vermittelt, um Ihre t\u00e4glichen Aufgaben noch schneller und effektiver zu erledigen.<\/p>\n<p>Lassen Sie sich begeistern, was mit den Microsoft Office m\u00f6glich ist!<\/p>\n<p>Haben Sie Fragen dazu?<\/p>\n<p>Schreiben Sie mir einfach eine kurze Nachricht oder rufen Sie mich an!<\/p>\n<p>&nbsp;<\/p>\n<p>&nbsp;<\/p>\n<p>[\/et_pb_text][\/et_pb_column][et_pb_column type=&#8220;1_3&#8243; _builder_version=&#8220;4.4.7&#8243;][et_pb_image src=&#8220;http:\/\/petra-urmann.de\/wp-content\/uploads\/2020\/06\/Office.jpg&#8220; title_text=&#8220;Office&#8220; show_in_lightbox=&#8220;on&#8220; _builder_version=&#8220;4.4.7&#8243; max_height=&#8220;420px&#8220; max_height_tablet=&#8220;379px&#8220; max_height_phone=&#8220;316px&#8220; max_height_last_edited=&#8220;on|tablet&#8220; module_alignment_tablet=&#8220;&#8220; module_alignment_phone=&#8220;center&#8220; module_alignment_last_edited=&#8220;on|phone&#8220;][\/et_pb_image][\/et_pb_column][\/et_pb_row][\/et_pb_section][et_pb_section fb_built=&#8220;1&#8243; _builder_version=&#8220;4.4.7&#8243;][et_pb_row _builder_version=&#8220;4.4.7&#8243;][et_pb_column type=&#8220;4_4&#8243; _builder_version=&#8220;4.4.7&#8243;][et_pb_tabs _builder_version=&#8220;4.4.7&#8243; background_color=&#8220;#ffffff&#8220; min_height=&#8220;195px&#8220; height=&#8220;269px&#8220; height_tablet=&#8220;&#8220; height_phone=&#8220;&#8220; height_last_edited=&#8220;on|desktop&#8220; max_height=&#8220;275px&#8220; custom_margin=&#8220;-98px|||||&#8220; border_color_all=&#8220;#030d59&#8243; box_shadow_style=&#8220;preset2&#8243; box_shadow_color=&#8220;#030d59&#8243;][et_pb_tab title=&#8220;MS Office kompakt&#8220; _builder_version=&#8220;4.4.7&#8243; body_text_color=&#8220;#000000&#8243; body_line_height=&#8220;2em&#8220; tab_text_color=&#8220;#000000&#8243; tab_font_size=&#8220;14px&#8220;]<\/p>\n<p>Korrespondenz mit Word, Kalkulationen mit Excel, Pr\u00e4sentationen mit PowerPoint und die Kommunikation im Team mit Outlook sind Standard im Arbeitsalltag. Die Kenntnis dieser Programme wird als Grundlagenwissen angesehen. In diesem Seminar lernen Sie praxisnah den professionellen Umgang mit den Einzelprogrammen sowie den Datenaustausch und das Zusammenspiel im Paket. Die Dauer und genauen Kursinhalte k\u00f6nnen an Ihre individuelle Bed\u00fcrfnisse und Vorstellungen angepasst werden.<\/p>\n<p><a href=\"https:\/\/petra-urmann.de\/?page_id=69486\">Anfrage Inhouse-Schulung<\/a><br \/> <a href=\"https:\/\/petra-urmann.de\/?page_id=69496\">Anfrage Online-Schulung<\/a><\/p>\n<p>[\/et_pb_tab][et_pb_tab title=&#8220;Microsoft Excel&#8220; _builder_version=&#8220;4.4.7&#8243; body_text_color=&#8220;#000000&#8243; body_line_height=&#8220;2em&#8220; tab_text_color=&#8220;#159b27&#8243; tab_font_size=&#8220;14px&#8220;]<\/p>\n<p>Wir bieten Ihnen Excel-Kurse f\u00fcr Anf\u00e4nger, Anwender und Fortgeschrittene. Sie k\u00f6nnen aus unseren Standardkursen ausw\u00e4hlen oder die Kursinhalte nach Ihren Vorstellungen zusammenstellen.<\/p>\n<p><a href=\"https:\/\/petra-urmann.de\/?page_id=69550\">Hier finden Sie unsere Excel-Kurse.<\/a><\/p>\n<p>[\/et_pb_tab][et_pb_tab title=&#8220;Microsoft Word&#8220; _builder_version=&#8220;4.4.7&#8243; body_text_color=&#8220;#000000&#8243; body_line_height=&#8220;2em&#8220; tab_text_color=&#8220;#030d59&#8243;]<\/p>\n<p>Wir bieten Schulungen f\u00fcr Anf\u00e4nger und Fortgeschrittene aber bieten auf Themenworkshops wie z. B. personalisierte Serienmails und Serienbriefe, Rationalisierung in der Textverarbeitung, Bearbeiten von gro\u00dfen Dokumenten usw.<\/p>\n<p><a href=\"https:\/\/petra-urmann.de\/?page_id=69566\">Informieren Sie sich hier.<\/a><\/p>\n<p>[\/et_pb_tab][et_pb_tab title=&#8220;Outlook&#8220; _builder_version=&#8220;4.4.7&#8243; body_text_color=&#8220;#030d59&#8243; body_line_height=&#8220;2em&#8220; tab_text_color=&#8220;#138c88&#8243; tab_font_size=&#8220;16px&#8220;]<\/p>\n<p>Ein Arbeitstag ohne Outlook ist undenkbar. In unseren Kursen erhalten Sie wertvolle Tipps &amp; Tricks um Ihren Arbeitsalltag noch effektiver zu gestalten.<\/p>\n<p><a href=\"https:\/\/petra-urmann.de\/?page_id=%2069583\">Erfahren Sie mehr zu unserem Outlook-Kursangebot.<\/a><\/p>\n<p>[\/et_pb_tab][et_pb_tab title=&#8220;OneNote&#8220; _builder_version=&#8220;4.4.7&#8243; body_text_color=&#8220;#000000&#8243; body_line_height=&#8220;2em&#8220; tab_text_color=&#8220;#8300e9&#8243; tab_font_size=&#8220;14px&#8220;]<\/p>\n<p><span>OneNote ist das digitale Notizbuch von Microsof und geh\u00f6rt zum Microsoft Office-Paket, trotzdem auf vielen Computern leider ungenutzt. Erleichtern Sie sich den Alltag und speichen Sie dort alle Notizen, die Ihnen wichtig sind: Bilder, Skizzen, handschriftliche Notizen, Audio- oder Videoaufnahmen, E-Mails und vieles mehr. Und diese Notizen lassen sich dann einfach mit anderen teilen oder aufs Smartphone synchronisieren. So haben Sie auch unterwegs Zugriff auf Ihre Notizen.<\/span><\/p>\n<p><a href=\"https:\/\/petra-urmann.de\/?page_id=%2069588\"><span>Hier finden Sie weitere Informationen.<\/span><\/a><\/p>\n<p>[\/et_pb_tab][et_pb_tab title=&#8220;Access&#8220; _builder_version=&#8220;4.4.7&#8243; body_text_color=&#8220;#000000&#8243; body_line_height=&#8220;2em&#8220; tab_text_color=&#8220;#821221&#8243; tab_font_size=&#8220;14px&#8220;]<\/p>\n<p>Setzen Sie Access-Datenbanken ein? Dann entstehen sicher oft Fragen zu Abfragen, Berichten und Formularen.<\/p>\n<p><a href=\"https:\/\/petra-urmann.de\/?page_id=69575\">Hier erfahren Sie mehr zu unseren Accesskursen.<\/a><\/p>\n<p>&nbsp;<\/p>\n<p>[\/et_pb_tab][et_pb_tab title=&#8220;PowerPoint&#8220; _builder_version=&#8220;4.4.7&#8243; body_text_color=&#8220;#000000&#8243; body_line_height=&#8220;2em&#8220; tab_text_color=&#8220;#e09900&#8243; tab_font_size=&#8220;14px&#8220;]<\/p>\n<p>Wir bieten PowerPoint Schulungen f\u00fcr Einsteiger und Fortgeschrittene. Wir zeigen Ihnen<span>, wie <\/span><span>Sie <\/span><span>Ihre <\/span><span>PowerPoint\u00a0<\/span><span>Pr\u00e4sentation rasch und mit einfachen <\/span><span>Mitteln professionell <\/span><span>gestalten.<\/span><\/p>\n<p><a href=\"https:\/\/petra-urmann.de\/?page_id=%2069600\"><span>Unsere Kursdetails finden Sie hier<\/span><\/a><\/p>\n<p>[\/et_pb_tab][\/et_pb_tabs][\/et_pb_column][\/et_pb_row][\/et_pb_section]<\/p>\n","protected":false},"excerpt":{"rendered":"<p>[et_pb_section fb_built=&#8220;1&#8243; _builder_version=&#8220;4.4.7&#8243; custom_padding=&#8220;118px||3px|||&#8220;][et_pb_row admin_label=&#8220;row&#8220; _builder_version=&#8220;4.4.7&#8243; background_size=&#8220;initial&#8220; background_position=&#8220;top_left&#8220; background_repeat=&#8220;repeat&#8220; min_height=&#8220;199px&#8220; custom_margin=&#8220;|auto|-64px|auto||&#8220; custom_padding=&#8220;0px|||||&#8220;][et_pb_column type=&#8220;4_4&#8243; _builder_version=&#8220;3.25&#8243; custom_padding=&#8220;|||&#8220; custom_padding__hover=&#8220;|||&#8220;][et_pb_text admin_label=&#8220;Text&#8220; _builder_version=&#8220;4.4.7&#8243; text_font=&#8220;||||||||&#8220; text_text_color=&#8220;#030d59&#8243; text_font_size=&#8220;23px&#8220; text_line_height=&#8220;1em&#8220; header_3_font_size=&#8220;21px&#8220; background_size=&#8220;initial&#8220; background_position=&#8220;top_left&#8220; background_repeat=&#8220;repeat&#8220; min_height=&#8220;98px&#8220; custom_margin=&#8220;-119px||-11px||false|false&#8220; custom_padding=&#8220;22px|11px|0px|||&#8220; text_font_size_tablet=&#8220;&#8220; text_font_size_phone=&#8220;&#8220; text_font_size_last_edited=&#8220;on|phone&#8220; text_letter_spacing_tablet=&#8220;&#8220; text_letter_spacing_phone=&#8220;&#8220; text_letter_spacing_last_edited=&#8220;on|phone&#8220; header_font_size_tablet=&#8220;&#8220; header_font_size_phone=&#8220;27px&#8220; header_font_size_last_edited=&#8220;on|phone&#8220;] Microsoft Office Schulungen &#8211; Inhouse, in unserem Schulungsraum oder Online Schulungen zu Microsoft Word, Excel, PowerPoint, Outlook,\u00a0Access [&hellip;]<\/p>\n","protected":false},"author":1,"featured_media":0,"parent":0,"menu_order":0,"comment_status":"closed","ping_status":"closed","template":"","meta":{"_et_pb_use_builder":"on","_et_pb_old_content":"","_et_gb_content_width":"","footnotes":""},"_links":{"self":[{"href":"https:\/\/petra-urmann.eu\/index.php?rest_route=\/wp\/v2\/pages\/69414"}],"collection":[{"href":"https:\/\/petra-urmann.eu\/index.php?rest_route=\/wp\/v2\/pages"}],"about":[{"href":"https:\/\/petra-urmann.eu\/index.php?rest_route=\/wp\/v2\/types\/page"}],"author":[{"embeddable":true,"href":"https:\/\/petra-urmann.eu\/index.php?rest_route=\/wp\/v2\/users\/1"}],"replies":[{"embeddable":true,"href":"https:\/\/petra-urmann.eu\/index.php?rest_route=%2Fwp%2Fv2%2Fcomments&post=69414"}],"version-history":[{"count":35,"href":"https:\/\/petra-urmann.eu\/index.php?rest_route=\/wp\/v2\/pages\/69414\/revisions"}],"predecessor-version":[{"id":69606,"href":"https:\/\/petra-urmann.eu\/index.php?rest_route=\/wp\/v2\/pages\/69414\/revisions\/69606"}],"wp:attachment":[{"href":"https:\/\/petra-urmann.eu\/index.php?rest_route=%2Fwp%2Fv2%2Fmedia&parent=69414"}],"curies":[{"name":"wp","href":"https:\/\/api.w.org\/{rel}","templated":true}]}}