{"id":69311,"date":"2020-06-16T14:07:23","date_gmt":"2020-06-16T14:07:23","guid":{"rendered":"http:\/\/petra-urmann.de\/?page_id=69311"},"modified":"2020-12-23T16:11:38","modified_gmt":"2020-12-23T16:11:38","slug":"69311-2","status":"publish","type":"page","link":"https:\/\/petra-urmann.eu\/","title":{"rendered":"Home"},"content":{"rendered":"<p>[et_pb_section fb_built=&#8220;1&#8243; _builder_version=&#8220;4.4.7&#8243; min_height=&#8220;288px&#8220; custom_padding=&#8220;21px|||||&#8220;][et_pb_row _builder_version=&#8220;4.4.7&#8243; custom_padding=&#8220;0px|||||&#8220; hover_enabled=&#8220;0&#8243; background_color=&#8220;#ffffff&#8220; hover_transition_speed_curve=&#8220;ease-out&#8220; hover_transition_delay=&#8220;50ms&#8220;][et_pb_column type=&#8220;4_4&#8243; _builder_version=&#8220;4.4.7&#8243; hover_enabled=&#8220;0&#8243;][et_pb_slider _builder_version=&#8220;4.4.7&#8243; background_color=&#8220;#030d59&#8243; background_enable_image=&#8220;off&#8220; parallax=&#8220;on&#8220; custom_padding=&#8220;10px||10px||true|&#8220;][et_pb_slide heading=&#8220;Petra Urmann&#8220; button_text=&#8220;Erfahren Sie mehr&#8220; button_link=&#8220;@ET-DC@eyJkeW5hbWljIjp0cnVlLCJjb250ZW50IjoicG9zdF9saW5rX3VybF9wYWdlIiwic2V0dGluZ3MiOnsicG9zdF9pZCI6IjY5NDE0In19@&#8220; _builder_version=&#8220;4.4.7&#8243; _dynamic_attributes=&#8220;button_link,link_option_url&#8220; header_font=&#8220;|600|||||||&#8220; background_color=&#8220;#030d59&#8243; background_enable_color=&#8220;on&#8220; text_orientation=&#8220;center&#8220; link_option_url=&#8220;@ET-DC@eyJkeW5hbWljIjp0cnVlLCJjb250ZW50IjoicG9zdF9saW5rX3VybF9wYWdlIiwic2V0dGluZ3MiOnsicG9zdF9pZCI6IjY5NDE0In19@&#8220; border_width_all_image=&#8220;5px&#8220; border_color_all_image=&#8220;#ffffff&#8220;]<\/p>\n<h1>Microsoft Office Schulungen und mehr&#8230;<\/h1>\n<p>[\/et_pb_slide][et_pb_slide heading=&#8220;Floorwalking und Coaching&#8220; button_text=&#8220;Erfahren Sie mehr&#8220; button_link=&#8220;@ET-DC@eyJkeW5hbWljIjp0cnVlLCJjb250ZW50IjoicG9zdF9saW5rX3VybF9wYWdlIiwic2V0dGluZ3MiOnsicG9zdF9pZCI6IjkxIn19@&#8220; _builder_version=&#8220;4.4.7&#8243; _dynamic_attributes=&#8220;button_link&#8220; body_font_size=&#8220;20px&#8220;]Unterst\u00fctzung dort wo die Fragen auftreten: An Ihrem Arbeitsplatz![\/et_pb_slide][et_pb_slide heading=&#8220;Fertige Vorlagen und L\u00f6sungen&#8220; button_text=&#8220;Erfahren Sie mehr&#8220; _builder_version=&#8220;4.4.7&#8243;]<\/p>\n<p>In K\u00fcrze finden Sie in unserem Onlineshop Vorlagen und umfangreiche\u00a0 Probleml\u00f6sungen f\u00fcr Ihren B\u00fcroalltag und Tipps &amp; Tricks zum Nachlesen.<\/p>\n<p>[\/et_pb_slide][\/et_pb_slider][\/et_pb_column][\/et_pb_row][et_pb_row column_structure=&#8220;1_2,1_2&#8243; _builder_version=&#8220;4.4.7&#8243;][et_pb_column type=&#8220;1_2&#8243; _builder_version=&#8220;4.4.7&#8243;][et_pb_text _builder_version=&#8220;4.4.7&#8243;]<\/p>\n<p style=\"text-align: justify;\"><span>Wir bieten Ihnen passgenaue, individuell zusammengestellte Schulungen im Bereich Microsoft Office. Gerne f\u00fchren wir auch Einsatztrainings und Intensivcoachings durch, um konkrete Anwendungsf\u00e4lle zu er\u00f6rtern oder Themen zu vertiefen. Unsere Kunden sind Unternehmen, die Ihre Mitarbeiter durch eine MS Office Schulung f\u00f6rdern m\u00f6chten sowie Einzelpersonen, die einen individuellen Computerkurs f\u00fcr die eigene Fortbildung z.B. in Excel oder PowerPoint suchen. Informieren Sie sich auf diesen Seiten \u00fcber unser Konzept und starten Sie anschlie\u00dfend mit einer Schulung bei uns, mit der Sie bzw. Ihre Mitarbeiter Ihre Ziele erreichen.<\/span><\/p>\n<p>[\/et_pb_text][\/et_pb_column][et_pb_column type=&#8220;1_2&#8243; _builder_version=&#8220;4.4.7&#8243;][et_pb_image src=&#8220;http:\/\/petra-urmann.de\/wp-content\/uploads\/2020\/06\/Bild2.jpg&#8220; title_text=&#8220;Bild2&#8243; _builder_version=&#8220;4.4.7&#8243;][\/et_pb_image][\/et_pb_column][\/et_pb_row][et_pb_row column_structure=&#8220;1_4,1_4,1_4,1_4&#8243; _builder_version=&#8220;4.4.7&#8243;][et_pb_column type=&#8220;1_4&#8243; _builder_version=&#8220;4.4.7&#8243;][et_pb_button button_url=&#8220;@ET-DC@eyJkeW5hbWljIjp0cnVlLCJjb250ZW50IjoicG9zdF9saW5rX3VybF9wYWdlIiwic2V0dGluZ3MiOnsicG9zdF9pZCI6IjY5NDE0In19@&#8220; button_text=&#8220;Seminare &#038; Workshops&#8220; button_alignment=&#8220;center&#8220; _builder_version=&#8220;4.4.7&#8243; _dynamic_attributes=&#8220;button_url&#8220; custom_button=&#8220;on&#8220; button_text_color=&#8220;#030d59&#8243; button_border_radius=&#8220;37px&#8220; box_shadow_style=&#8220;preset3&#8243;][\/et_pb_button][\/et_pb_column][et_pb_column type=&#8220;1_4&#8243; _builder_version=&#8220;4.4.7&#8243;][et_pb_button button_url=&#8220;@ET-DC@eyJkeW5hbWljIjp0cnVlLCJjb250ZW50IjoicG9zdF9saW5rX3VybF9wYWdlIiwic2V0dGluZ3MiOnsicG9zdF9pZCI6IjkxIn19@&#8220; button_text=&#8220;Floorwalking Coaching&#8220; button_alignment=&#8220;center&#8220; _builder_version=&#8220;4.4.7&#8243; _dynamic_attributes=&#8220;button_url&#8220; custom_button=&#8220;on&#8220; button_text_color=&#8220;#030d59&#8243; button_border_radius=&#8220;37px&#8220; box_shadow_style=&#8220;preset3&#8243;][\/et_pb_button][\/et_pb_column][et_pb_column type=&#8220;1_4&#8243; _builder_version=&#8220;4.4.7&#8243;][et_pb_button button_url=&#8220;@ET-DC@eyJkeW5hbWljIjp0cnVlLCJjb250ZW50IjoicG9zdF9saW5rX3VybF9wYWdlIiwic2V0dGluZ3MiOnsicG9zdF9pZCI6IjkyIn19@&#8220; button_text=&#8220;EDV-Beratung und mehr&#8230;&#8220; button_alignment=&#8220;center&#8220; _builder_version=&#8220;4.4.7&#8243; _dynamic_attributes=&#8220;button_url&#8220; custom_button=&#8220;on&#8220; button_text_color=&#8220;#030d59&#8243; button_border_radius=&#8220;37px&#8220; box_shadow_style=&#8220;preset3&#8243;][\/et_pb_button][\/et_pb_column][et_pb_column type=&#8220;1_4&#8243; _builder_version=&#8220;4.4.7&#8243;][et_pb_button button_text=&#8220;Vorlagen und L\u00f6sungen&#8220; button_alignment=&#8220;center&#8220; _builder_version=&#8220;4.4.7&#8243; custom_button=&#8220;on&#8220; button_text_color=&#8220;#030d59&#8243; button_border_radius=&#8220;37px&#8220; box_shadow_style=&#8220;preset3&#8243;][\/et_pb_button][\/et_pb_column][\/et_pb_row][\/et_pb_section][et_pb_section fb_built=&#8220;1&#8243; fullwidth=&#8220;on&#8220; _builder_version=&#8220;4.4.7&#8243;][\/et_pb_section]<\/p>\n","protected":false},"excerpt":{"rendered":"<p>[et_pb_section fb_built=&#8220;1&#8243; _builder_version=&#8220;4.4.7&#8243; min_height=&#8220;288px&#8220; custom_padding=&#8220;21px|||||&#8220;][et_pb_row _builder_version=&#8220;4.4.7&#8243; custom_padding=&#8220;0px|||||&#8220; hover_enabled=&#8220;0&#8243; background_color=&#8220;#ffffff&#8220; hover_transition_speed_curve=&#8220;ease-out&#8220; hover_transition_delay=&#8220;50ms&#8220;][et_pb_column type=&#8220;4_4&#8243; _builder_version=&#8220;4.4.7&#8243; hover_enabled=&#8220;0&#8243;][et_pb_slider _builder_version=&#8220;4.4.7&#8243; background_color=&#8220;#030d59&#8243; background_enable_image=&#8220;off&#8220; parallax=&#8220;on&#8220; custom_padding=&#8220;10px||10px||true|&#8220;][et_pb_slide heading=&#8220;Petra Urmann&#8220; button_text=&#8220;Erfahren Sie mehr&#8220; button_link=&#8220;@ET-DC@eyJkeW5hbWljIjp0cnVlLCJjb250ZW50IjoicG9zdF9saW5rX3VybF9wYWdlIiwic2V0dGluZ3MiOnsicG9zdF9pZCI6IjY5NDE0In19@&#8220; _builder_version=&#8220;4.4.7&#8243; _dynamic_attributes=&#8220;button_link,link_option_url&#8220; header_font=&#8220;|600|||||||&#8220; background_color=&#8220;#030d59&#8243; background_enable_color=&#8220;on&#8220; text_orientation=&#8220;center&#8220; link_option_url=&#8220;@ET-DC@eyJkeW5hbWljIjp0cnVlLCJjb250ZW50IjoicG9zdF9saW5rX3VybF9wYWdlIiwic2V0dGluZ3MiOnsicG9zdF9pZCI6IjY5NDE0In19@&#8220; border_width_all_image=&#8220;5px&#8220; border_color_all_image=&#8220;#ffffff&#8220;] Microsoft Office Schulungen und mehr&#8230; [\/et_pb_slide][et_pb_slide heading=&#8220;Floorwalking und Coaching&#8220; button_text=&#8220;Erfahren Sie mehr&#8220; button_link=&#8220;@ET-DC@eyJkeW5hbWljIjp0cnVlLCJjb250ZW50IjoicG9zdF9saW5rX3VybF9wYWdlIiwic2V0dGluZ3MiOnsicG9zdF9pZCI6IjkxIn19@&#8220; _builder_version=&#8220;4.4.7&#8243; _dynamic_attributes=&#8220;button_link&#8220; body_font_size=&#8220;20px&#8220;]Unterst\u00fctzung dort wo die Fragen auftreten: [&hellip;]<\/p>\n","protected":false},"author":1,"featured_media":0,"parent":0,"menu_order":0,"comment_status":"closed","ping_status":"closed","template":"","meta":{"_et_pb_use_builder":"on","_et_pb_old_content":"","_et_gb_content_width":"","footnotes":""},"_links":{"self":[{"href":"https:\/\/petra-urmann.eu\/index.php?rest_route=\/wp\/v2\/pages\/69311"}],"collection":[{"href":"https:\/\/petra-urmann.eu\/index.php?rest_route=\/wp\/v2\/pages"}],"about":[{"href":"https:\/\/petra-urmann.eu\/index.php?rest_route=\/wp\/v2\/types\/page"}],"author":[{"embeddable":true,"href":"https:\/\/petra-urmann.eu\/index.php?rest_route=\/wp\/v2\/users\/1"}],"replies":[{"embeddable":true,"href":"https:\/\/petra-urmann.eu\/index.php?rest_route=%2Fwp%2Fv2%2Fcomments&post=69311"}],"version-history":[{"count":30,"href":"https:\/\/petra-urmann.eu\/index.php?rest_route=\/wp\/v2\/pages\/69311\/revisions"}],"predecessor-version":[{"id":69652,"href":"https:\/\/petra-urmann.eu\/index.php?rest_route=\/wp\/v2\/pages\/69311\/revisions\/69652"}],"wp:attachment":[{"href":"https:\/\/petra-urmann.eu\/index.php?rest_route=%2Fwp%2Fv2%2Fmedia&parent=69311"}],"curies":[{"name":"wp","href":"https:\/\/api.w.org\/{rel}","templated":true}]}}